{"id":67,"date":"2022-01-17T07:15:11","date_gmt":"2022-01-17T07:15:11","guid":{"rendered":"http:\/\/sw-themes.com\/porto_dummy\/?page_id=67"},"modified":"2025-03-05T23:33:25","modified_gmt":"2025-03-05T21:33:25","slug":"avis-legal","status":"publish","type":"page","link":"https:\/\/and-capital.com\/ca\/avis-legal\/","title":{"rendered":"RLG I CAPITAL: Consulteu els nostres avisos legals per a la vostra tranquil\u00b7litat"},"content":{"rendered":"<div data-elementor-type=\"wp-page\" data-elementor-id=\"67\" class=\"elementor elementor-67\">\n\t\t\t\t\t\t<section class=\"elementor-section elementor-top-section elementor-element elementor-element-64a13a1 elementor-section-boxed elementor-section-height-default elementor-section-height-default\" data-id=\"64a13a1\" data-element_type=\"section\" data-e-type=\"section\" data-settings=\"{&quot;background_background&quot;:&quot;classic&quot;}\">\r\n\t\t\r\n\t\t\t\t\t\t\t<div class=\"elementor-container elementor-column-gap-default\">\r\n\t\t\t\t\t\t\t\t\t\t\t<div class=\"elementor-column elementor-col-100 elementor-top-column elementor-element elementor-element-250f3ac\" data-id=\"250f3ac\" data-element_type=\"column\" data-e-type=\"column\" data-settings=\"{&quot;background_background&quot;:&quot;classic&quot;}\">\r\n\t\t\t\t\t<div class=\"elementor-widget-wrap elementor-element-populated\">\r\n\t\t\t\t\t\t\t\t<div class=\"elementor-element elementor-element-57238de elementor-widget elementor-widget-porto_ultimate_heading\" data-id=\"57238de\" data-element_type=\"widget\" data-e-type=\"widget\" data-widget_type=\"porto_ultimate_heading.default\">\n\t\t\t\t<div class=\"elementor-widget-container\">\n\t\t\t\t\t<div class=\"porto-u-heading  porto-u-bd11424de395366805213f3c847c9ae4\"><div class=\"porto-u-main-heading\"><h2   >MENCI\u00d3 LEGAL<\/h2><\/div><style>.porto-u-bd11424de395366805213f3c847c9ae4.porto-u-heading{text-align:center}<\/style><\/div>\t\t\t\t<\/div>\n\t\t\t\t<\/div>\n\t\t\t\t\t<\/div>\r\n\t\t\t\t<\/div>\r\n\t\t\t\t\t<\/div>\r\n\t\t\t\t<\/section>\r\n\t\t\t\t<section class=\"elementor-section elementor-top-section elementor-element elementor-element-b23c3b5 elementor-section-boxed elementor-section-height-default elementor-section-height-default\" data-id=\"b23c3b5\" data-element_type=\"section\" data-e-type=\"section\" data-settings=\"{&quot;background_background&quot;:&quot;classic&quot;}\">\r\n\t\t\r\n\t\t\t\t\t\t\t<div class=\"elementor-container elementor-column-gap-default\">\r\n\t\t\t\t\t\t\t\t\t\t\t<div class=\"elementor-column elementor-col-100 elementor-top-column elementor-element elementor-element-92e3d64\" data-id=\"92e3d64\" data-element_type=\"column\" data-e-type=\"column\">\r\n\t\t\t\t\t<div class=\"elementor-widget-wrap elementor-element-populated\">\r\n\t\t\t\t\t\t\t\t<div class=\"elementor-element elementor-element-5b73cf1 elementor-widget elementor-widget-text-editor\" data-id=\"5b73cf1\" data-element_type=\"widget\" data-e-type=\"widget\" data-widget_type=\"text-editor.default\">\n\t\t\t\t<div class=\"elementor-widget-container\">\n\t\t\t\t\t\t\t\t\t<div class=\"et_pb_module et_pb_text et_pb_text_1 et_pb_text_align_left et_pb_bg_layout_light\"><div class=\"et_pb_text_inner\"><h2><span style=\"font-size: 21px;\">Pre\u00e0mbul<\/span><\/h2><\/div><\/div><div class=\"et_pb_module et_pb_text et_pb_text_2 et_pb_text_align_left et_pb_bg_layout_light\"><div class=\"et_pb_text_inner\"><p>L&#039;empresa RLG I CAPITAL, preocupada pels drets de les persones f\u00edsiques, especialment pel que fa als tractaments automatitzats i amb voluntat de transpar\u00e8ncia amb els seus clients, ha implantat una pol\u00edtica de confidencialitat que cobreix tot aquest tractament, les finalitats perseguides per aquests \u00faltims. els mitjans d&#039;actuaci\u00f3 de qu\u00e8 disposen les persones perqu\u00e8 puguin exercir millor els seus drets. Per a qualsevol informaci\u00f3 addicional sobre protecci\u00f3 de dades personals, us convidem a consultar la p\u00e0gina web: <a href=\"https:\/\/www.cnil.fr\/\">https:\/\/www.cnil.fr\/<\/a>\u00a0La navegaci\u00f3 continuada en aquest lloc implica l&#039;acceptaci\u00f3 sense reserves dels seg\u00fcents termes i condicions d&#039;\u00fas. La versi\u00f3 actual en l\u00ednia d&#039;aquestes condicions d&#039;\u00fas \u00e9s l&#039;\u00fanica oposable mentre duri l&#039;\u00fas del lloc i fins que una nova versi\u00f3 la substitueixi.<\/p><\/div><\/div><div class=\"et_pb_module et_pb_text et_pb_text_3 et_pb_text_align_left et_pb_bg_layout_light\"><div class=\"et_pb_text_inner\"><h2>Av\u00eds legal<\/h2><\/div><\/div><div class=\"et_pb_module et_pb_text et_pb_text_4 et_pb_text_align_left et_pb_bg_layout_light\"><div class=\"et_pb_text_inner\"><h3><span style=\"font-size: 21px;\">Nom de la companyia<\/span><\/h3><\/div><\/div><div class=\"et_pb_module et_pb_text et_pb_text_5 et_pb_text_align_left et_pb_bg_layout_light\"><div class=\"et_pb_text_inner\"><p>RLG Capital \u00e9s una Societat An\u00f2nima Unipersonal (SLU), el domicili social \u00e9s: Carrer Sant Salvador, N\u00fam 10, 2N Pis, Despatx 4, Andorra la Vella<br \/>Le num\u00e9ro de t\u00e9l\u00e9phone est le +376 650 606<br \/>L\u2019adresse mail : gestoriarlgcapital@gmail.com<br \/>N\u00fam. Registre Mercantil: L-716366-R<br \/>NRT: 931707 G<\/p><\/div><\/div><div class=\"et_pb_module et_pb_text et_pb_text_6 et_pb_text_align_left et_pb_bg_layout_light\"><div class=\"et_pb_text_inner\"><h3><span style=\"font-size: 21px;\">Allotjament del lloc<\/span><\/h3><\/div><\/div><div class=\"et_pb_module et_pb_text et_pb_text_7 et_pb_text_align_left et_pb_bg_layout_light\"><div class=\"et_pb_text_inner\"><p>Aquest lloc web \u00e9s propietat de RLG Capital<br \/>Sota el nom de domini <a href=\"https:\/\/and-capital.com\/ca\/\">www.and-capital.com<\/a><\/p><p>Rlg And Capital est\u00e0 allotjat pel prove\u00efdor 1&amp;1 Ionos<br \/>Lloc: <a href=\"https:\/\/www.o2switch.fr\">https:\/\/www.o2switch.f<\/a>r<br \/>Tel\u00e8fon: <span class=\"LrzXr zdqRlf kno-fv\"><span aria-label=\"Truqueu al 04 44 44 60 40\">04 44 44 60 40<\/span><\/span><br \/>Rlg And Capital declina tota responsabilitat per qualsevol interrupci\u00f3 del lloc i dels seus serveis.<\/p><\/div><\/div><div class=\"et_pb_module et_pb_text et_pb_text_8 et_pb_text_align_left et_pb_bg_layout_light\"><div class=\"et_pb_text_inner\"><h3><span style=\"font-size: 21px;\">1. Finalitat i designaci\u00f3<\/span><\/h3><\/div><\/div><div class=\"et_pb_module et_pb_text et_pb_text_9 et_pb_text_align_left et_pb_bg_layout_light\"><div class=\"et_pb_text_inner\"><p>Es designar\u00e0 de la seg\u00fcent manera:<\/p><p>\u201cUsuari\u201d: la persona que utilitza i accedeix a les p\u00e0gines web que conformen aquest lloc.<\/p><p>&quot;Lloc web&quot;: el lloc web anomenat And-Capital l&#039;enlla\u00e7 del qual \u00e9s el seg\u00fcent: <a href=\"https:\/\/and-capital.com\/ca\/\">https:\/\/and-capital.com<\/a><\/p><p>\u201cContingut\u201d: designa tots els elements que conformen el lloc, incl\u00f2s el logotip i el nom de domini.<\/p><p>Les presents Condicions Generals d&#039;\u00das constitueixen un contracte entre l&#039;usuari del lloc web quan s\u00f3n acceptades per aquest.<\/p><\/div><\/div><div class=\"et_pb_module et_pb_text et_pb_text_10 et_pb_text_align_left et_pb_bg_layout_light\"><div class=\"et_pb_text_inner\"><h3><span style=\"font-size: 21px;\">2. Propietat intel\u00b7lectual<\/span><\/h3><\/div><\/div><div class=\"et_pb_module et_pb_text et_pb_text_11 et_pb_text_align_left et_pb_bg_layout_light\"><div class=\"et_pb_text_inner\"><p>L&#039;estructura del lloc web aix\u00ed com els textos, gr\u00e0fics, imatges, fotografies, sons, v\u00eddeos i aplicacions inform\u00e0tiques que el componen s\u00f3n propietat de l&#039;empresa RLG AND CAPITAL i estan protegits com a tals per les lleis vigents en mat\u00e8ria de propietat intel\u00b7lectual.<br \/>Qualsevol representaci\u00f3, explotaci\u00f3 parcial o total o reproducci\u00f3 dels continguts sense l&#039;autoritzaci\u00f3 expressa i escrita de l&#039;empresa RLG AND CAPITAL queda estrictament prohibida amb l&#039;excepci\u00f3 dels elements expressament designats com a lliures de drets en el lloc. L&#039;\u00fas no autoritzat suposaria una infracci\u00f3 (art. L335-2 i seg\u00fcents del codi de propietat intel\u00b7lectual).<\/p><\/div><\/div><div class=\"et_pb_module et_pb_text et_pb_text_12 et_pb_text_align_left et_pb_bg_layout_light\"><div class=\"et_pb_text_inner\"><h3><span style=\"font-size: 21px;\">3. Dades personals\u00a0<\/span><\/h3><\/div><\/div><div class=\"et_pb_module et_pb_text et_pb_text_13 et_pb_text_align_left et_pb_bg_layout_light\"><div class=\"et_pb_text_inner\"><p>Tota la informaci\u00f3 de l&#039;usuari recollida a trav\u00e9s del Lloc Web est\u00e0 subjecta a un tractament inform\u00e0tic per a la gesti\u00f3 de contactes amb respecte a la privadesa de l&#039;Usuari. Es poden utilitzar per a la prospecci\u00f3 comercial i per a finalitats de comunicaci\u00f3 en el marc de l&#039;activitat de Rlg And Capital. Et convidem a consultar la nostra Pol\u00edtica de Privacitat per a m\u00e9s informaci\u00f3.<\/p><\/div><\/div><div class=\"et_pb_module et_pb_text et_pb_text_14 et_pb_text_align_left et_pb_bg_layout_light\"><div class=\"et_pb_text_inner\"><h3><span style=\"font-size: 21px;\">4. Descripci\u00f3 dels serveis<\/span><\/h3><\/div><\/div><div class=\"et_pb_module et_pb_text et_pb_text_15 et_pb_text_align_left et_pb_bg_layout_light\"><div class=\"et_pb_text_inner\"><p>El Lloc Web permet als diferents Usuaris tenir acc\u00e9s als seg\u00fcents serveis:<\/p><ul><li>Informaci\u00f3 sobre els serveis de consultoria i suport de RLG I CAPITAL;<\/li><li>Contingut editorial produ\u00eft per i per al lloc RLG AND CAPITAL;<\/li><li>Informaci\u00f3 de contacte.<\/li><\/ul><\/div><\/div><div class=\"et_pb_module et_pb_text et_pb_text_16 et_pb_text_align_left et_pb_bg_layout_light\"><div class=\"et_pb_text_inner\"><h3><span style=\"font-size: 21px;\">5. Acc\u00e9s al lloc<\/span><\/h3><\/div><\/div><div class=\"et_pb_module et_pb_text et_pb_text_17 et_pb_text_align_left et_pb_bg_layout_light\"><div class=\"et_pb_text_inner\"><p>L&#039;acc\u00e9s al Lloc Web previst en aquestes Condicions Generals d&#039;\u00das pot ser realitzat per qualsevol Usuari, de manera gratu\u00efta i il\u00b7limitada en tots els mitjans que permetin l&#039;acc\u00e9s.<\/p><\/div><\/div><div class=\"et_pb_module et_pb_text et_pb_text_18 et_pb_text_align_left et_pb_bg_layout_light\"><div class=\"et_pb_text_inner\"><h3><span style=\"font-size: 21px;\">6. Acceptaci\u00f3 dels T&amp;C<\/span><\/h3><\/div><\/div><div class=\"et_pb_module et_pb_text et_pb_text_19 et_pb_text_align_left et_pb_bg_layout_light\"><div class=\"et_pb_text_inner\"><p>L&#039;acceptaci\u00f3 dels T&amp;C per part de l&#039;Usuari \u00e9s necess\u00e0ria per a la seva aplicaci\u00f3 a les parts. Aquesta acceptaci\u00f3 es caracteritza de la seg\u00fcent manera: una casella de selecci\u00f3 seguida de les paraules \u201cen marcar aquesta casella, declaro que he llegit les Condicions d&#039;\u00fas del lloc web i les accepto. \u00bb<\/p><\/div><\/div><div class=\"et_pb_module et_pb_text et_pb_text_20 et_pb_text_align_left et_pb_bg_layout_light\"><div class=\"et_pb_text_inner\"><h3><span style=\"font-size: 21px;\">7. Obligacions de les parts<\/span><\/h3><\/div><\/div><div class=\"et_pb_module et_pb_text et_pb_text_21 et_pb_text_align_left et_pb_bg_layout_light\"><div class=\"et_pb_text_inner\"><p>L&#039;Usuari es compromet a utilitzar-lo d&#039;acord amb les disposicions del Lloc Web i s&#039;abstenir de fer un \u00fas comercial del seu contingut. Es compromet a utilitzar el lloc web per a un \u00fas estrictament privat.<\/p><p>L&#039;Usuari es compromet a haver llegit aquestes Condicions Generals d&#039;\u00das del Lloc Web.<\/p><p>El Lloc Web es compromet a oferir el millor acc\u00e9s possible al mateix i al seu \u00fas per part dels Usuaris i a fer tots els esfor\u00e7os per garantir el seu correcte funcionament.<\/p><\/div><\/div><div class=\"et_pb_module et_pb_text et_pb_text_22 et_pb_text_align_left et_pb_bg_layout_light\"><div class=\"et_pb_text_inner\"><h3><span style=\"font-size: 21px;\">8. Responsabilitat de les parts i for\u00e7a major<\/span><\/h3><\/div><\/div><div class=\"et_pb_module et_pb_text et_pb_text_23 et_pb_text_align_left et_pb_bg_layout_light\"><div class=\"et_pb_text_inner\"><p>El lloc web es compromet a fer tots els esfor\u00e7os per garantir que la informaci\u00f3 que recull sigui segura i sigui confidencial. Les fonts d&#039;informaci\u00f3 del Lloc Web es consideren fiables, el Lloc Web no es fa responsable de cap defecte, error o omissi\u00f3 que els concerneixi.<\/p><p>El Lloc Web no es fa responsable de l&#039;\u00fas i la interpretaci\u00f3 de la informaci\u00f3 continguda en el seu Contingut.<\/p><p>El Lloc Web no es fa responsable de cap esdeveniment de for\u00e7a major, extern, irresistible i imprevisible a la seva voluntat.<\/p><\/div><\/div><div class=\"et_pb_module et_pb_text et_pb_text_24 et_pb_text_align_left et_pb_bg_layout_light\"><div class=\"et_pb_text_inner\"><h3>9. Enlla\u00e7os d&#039;hipertext<\/h3><\/div><\/div><div class=\"et_pb_module et_pb_text et_pb_text_25 et_pb_text_align_left et_pb_bg_layout_light\"><div class=\"et_pb_text_inner\"><p>El lloc web pot utilitzar enlla\u00e7os d&#039;hipertext al contingut del lloc web. Aquests enlla\u00e7os permeten a l&#039;Usuari, que els coneix, abandonar el lloc <a href=\"https:\/\/and-capital.com\/ca\/\">https:\/\/and-capital.com<\/a><\/p><\/div><\/div><div class=\"et_pb_module et_pb_text et_pb_text_26 et_pb_text_align_left et_pb_bg_layout_light\"><div class=\"et_pb_text_inner\"><h3>10.Cookies<\/h3><\/div><\/div><div class=\"et_pb_module et_pb_text et_pb_text_27 et_pb_text_align_left et_pb_bg_layout_light\"><div class=\"et_pb_text_inner\"><p>L&#039;Usuari queda informat i accepta les Condicions d&#039;\u00das del Lloc, que poden requerir la instal\u00b7laci\u00f3 autom\u00e0tica de cookies al programari del seu navegador d&#039;Internet.<\/p><p>Les cookies s\u00f3n seq\u00fc\u00e8ncies d&#039;informaci\u00f3 classificada, recuperada pel lloc web que es poden transmetre al programari de navegaci\u00f3 utilitzat. Aquestes dades es conservaran durant un per\u00edode de temps determinat.<\/p><p>Ser\u00e0 possible que l&#039;Usuari bloquegi l&#039;\u00fas d&#039;aquestes galetes per part del Lloc web rebutjant-les o modificant els par\u00e0metres del programari de navegaci\u00f3. Et convidem a consultar la nostra Pol\u00edtica de Privacitat per a m\u00e9s informaci\u00f3.<\/p><\/div><\/div><div class=\"et_pb_module et_pb_text et_pb_text_28 et_pb_text_align_left et_pb_bg_layout_light\"><div class=\"et_pb_text_inner\"><h3><span style=\"font-size: 21px;\">11. Llei aplicable i jurisdicci\u00f3 competent<\/span><\/h3><\/div><\/div><div class=\"et_pb_module et_pb_text et_pb_text_29 et_pb_text_align_left et_pb_bg_layout_light\"><div class=\"et_pb_text_inner\"><p>Llevat que s&#039;indiqui el contrari, la llei aplicable a aquest contracte \u00e9s la llei andorrana. En cas d&#039;abs\u00e8ncia de resoluci\u00f3 amistosa d&#039;un conflicte relatiu al contracte, les parts declaren els tribunals andorrans competents per con\u00e8ixer de qualsevol controv\u00e8rsia.<\/p><\/div><\/div>\t\t\t\t\t\t\t\t<\/div>\n\t\t\t\t<\/div>\n\t\t\t\t\t<\/div>\r\n\t\t\t\t<\/div>\r\n\t\t\t\t\t<\/div>\r\n\t\t\t\t<\/section>\r\n\t\t\t\t<section class=\"elementor-section elementor-top-section elementor-element elementor-element-c40ca4c elementor-section-boxed elementor-section-height-default elementor-section-height-default\" data-id=\"c40ca4c\" data-element_type=\"section\" data-e-type=\"section\">\r\n\t\t\r\n\t\t\t\t\t\t\t<div class=\"elementor-container elementor-column-gap-default\">\r\n\t\t\t\t\t\t\t\t\t\t\t<div class=\"elementor-column elementor-col-25 elementor-top-column elementor-element elementor-element-e6a2707\" data-id=\"e6a2707\" data-element_type=\"column\" data-e-type=\"column\" data-settings=\"{&quot;background_background&quot;:&quot;classic&quot;}\">\r\n\t\t\t\t\t<div class=\"elementor-widget-wrap elementor-element-populated\">\r\n\t\t\t\t\t\t\t\t<div class=\"elementor-element elementor-element-c49f47c elementor-widget elementor-widget-porto_info_box\" data-id=\"c49f47c\" data-element_type=\"widget\" data-e-type=\"widget\" data-widget_type=\"porto_info_box.default\">\n\t\t\t\t<div class=\"elementor-widget-container\">\n\t\t\t\t\t<div class=\"porto-sicon-box style_1 top-icon\"><div class=\"porto-sicon-top\"><div class=\"porto-just-icon-wrapper porto-icon circle\" style=\"\"><i class=\"fas fa-phone-alt\"><\/i><\/div><\/div><div class=\"porto-sicon-header\"><h3 class=\"porto-sicon-title\" style=\"\">DES D&#039;ANDORRA<\/h3><\/div> <!-- header --><div class=\"porto-sicon-description\" style=\"\" ><p><strong><a href=\"tel:+3376650606\"><span style=\"color: #424242;\">+376 650 606<\/span><\/a><\/strong><\/p><\/div> <!-- description --><\/div><!-- porto-sicon-box -->\t\t\t\t<\/div>\n\t\t\t\t<\/div>\n\t\t\t\t\t<\/div>\r\n\t\t\t\t<\/div>\r\n\t\t\t\t<div class=\"elementor-column elementor-col-25 elementor-top-column elementor-element elementor-element-9cb8957\" data-id=\"9cb8957\" data-element_type=\"column\" data-e-type=\"column\" data-settings=\"{&quot;background_background&quot;:&quot;classic&quot;}\">\r\n\t\t\t\t\t<div class=\"elementor-widget-wrap elementor-element-populated\">\r\n\t\t\t\t\t\t\t\t<div class=\"elementor-element elementor-element-03ddbcb elementor-widget elementor-widget-porto_info_box\" data-id=\"03ddbcb\" data-element_type=\"widget\" data-e-type=\"widget\" data-widget_type=\"porto_info_box.default\">\n\t\t\t\t<div class=\"elementor-widget-container\">\n\t\t\t\t\t<div class=\"porto-sicon-box style_1 top-icon\"><div class=\"porto-sicon-top\"><div class=\"porto-just-icon-wrapper porto-icon circle\" style=\"\"><i class=\"fas fa-phone-alt\"><\/i><\/div><\/div><div class=\"porto-sicon-header\"><h3 class=\"porto-sicon-title\" style=\"\">DES DE FRAN\u00c7A<\/h3><\/div> <!-- header --><div class=\"porto-sicon-description\" style=\"\" ><p><strong><a href=\"tel:+33629893851\"><span style=\"color: #424242;\">+33 629 89 38 51<\/span><\/a><\/strong><\/p><\/div> <!-- description --><\/div><!-- porto-sicon-box -->\t\t\t\t<\/div>\n\t\t\t\t<\/div>\n\t\t\t\t\t<\/div>\r\n\t\t\t\t<\/div>\r\n\t\t\t\t<div class=\"elementor-column elementor-col-25 elementor-top-column elementor-element elementor-element-976dfe1\" data-id=\"976dfe1\" data-element_type=\"column\" data-e-type=\"column\" data-settings=\"{&quot;background_background&quot;:&quot;classic&quot;}\">\r\n\t\t\t\t\t<div class=\"elementor-widget-wrap elementor-element-populated\">\r\n\t\t\t\t\t\t\t\t<div class=\"elementor-element elementor-element-728b1bc elementor-widget elementor-widget-porto_info_box\" data-id=\"728b1bc\" data-element_type=\"widget\" data-e-type=\"widget\" data-widget_type=\"porto_info_box.default\">\n\t\t\t\t<div class=\"elementor-widget-container\">\n\t\t\t\t\t<div class=\"porto-sicon-box style_1 top-icon\"><div class=\"porto-sicon-top\"><div class=\"porto-just-icon-wrapper porto-icon circle\" style=\"\"><i class=\"far fa-clock\"><\/i><\/div><\/div><div class=\"porto-sicon-header\"><h3 class=\"porto-sicon-title\" style=\"\">HORES D&#039;OPERACI\u00d3<\/h3><\/div> <!-- header --><div class=\"porto-sicon-description\" style=\"\" ><p><span style=\"color: #424242;\"><strong>Dl.-Dv.<\/strong><\/span><\/p><p><span style=\"color: #424242;\"><strong>9 a.m. a 6 p.m.<\/strong><\/span><\/p><\/div> <!-- description --><\/div><!-- porto-sicon-box -->\t\t\t\t<\/div>\n\t\t\t\t<\/div>\n\t\t\t\t\t<\/div>\r\n\t\t\t\t<\/div>\r\n\t\t\t\t<div class=\"elementor-column elementor-col-25 elementor-top-column elementor-element elementor-element-0e5cf3d\" data-id=\"0e5cf3d\" data-element_type=\"column\" data-e-type=\"column\" data-settings=\"{&quot;background_background&quot;:&quot;classic&quot;}\">\r\n\t\t\t\t\t<div class=\"elementor-widget-wrap elementor-element-populated\">\r\n\t\t\t\t\t\t\t\t<div class=\"elementor-element elementor-element-ee99a32 elementor-widget elementor-widget-porto_info_box\" data-id=\"ee99a32\" data-element_type=\"widget\" data-e-type=\"widget\" data-widget_type=\"porto_info_box.default\">\n\t\t\t\t<div class=\"elementor-widget-container\">\n\t\t\t\t\t<div class=\"porto-sicon-box style_1 top-icon\"><div class=\"porto-sicon-top\"><div class=\"porto-just-icon-wrapper porto-icon circle\" style=\"\"><i class=\"fas fa-home\"><\/i><\/div><\/div><div class=\"porto-sicon-header\"><h3 class=\"porto-sicon-title\" style=\"\">PER VISITAR-NOS<\/h3><\/div> <!-- header --><div class=\"porto-sicon-description\" style=\"\" ><p><span style=\"color: #424242;\"><strong>Urbanitzaci\u00f3 Gran Sol, Edifici Ginesta, 3r 5a AD100 \u2013 Canillo, Principat d\u2019Andorra<\/strong><\/span><\/p><\/div> <!-- description --><\/div><!-- porto-sicon-box -->\t\t\t\t<\/div>\n\t\t\t\t<\/div>\n\t\t\t\t\t<\/div>\r\n\t\t\t\t<\/div>\r\n\t\t\t\t\t<\/div>\r\n\t\t\t\t<\/section>\r\n\t\t\t\t<\/div>","protected":false},"excerpt":{"rendered":"<p>MENTION L\u00c9GALES Pr\u00e9ambule La soci\u00e9t\u00e9 RLG AND CAPITAL, soucieux du droit des individus, notamment au regard des traitements automatis\u00e9s et dans une volont\u00e9 de transparence avec ses clients, a mis en place une politique de confidentialit\u00e9 reprenant l\u2019ensemble de ces traitements, des finalit\u00e9s poursuivies par ces derniers ainsi que des moyens d\u2019actions \u00e0 la disposition [&hellip;]<\/p>","protected":false},"author":2,"featured_media":0,"parent":0,"menu_order":0,"comment_status":"closed","ping_status":"closed","template":"","meta":{"footnotes":""},"class_list":["post-67","page","type-page","status-publish","hentry"],"aioseo_notices":[],"_links":{"self":[{"href":"https:\/\/and-capital.com\/ca\/wp-json\/wp\/v2\/pages\/67","targetHints":{"allow":["GET"]}}],"collection":[{"href":"https:\/\/and-capital.com\/ca\/wp-json\/wp\/v2\/pages"}],"about":[{"href":"https:\/\/and-capital.com\/ca\/wp-json\/wp\/v2\/types\/page"}],"author":[{"embeddable":true,"href":"https:\/\/and-capital.com\/ca\/wp-json\/wp\/v2\/users\/2"}],"replies":[{"embeddable":true,"href":"https:\/\/and-capital.com\/ca\/wp-json\/wp\/v2\/comments?post=67"}],"version-history":[{"count":0,"href":"https:\/\/and-capital.com\/ca\/wp-json\/wp\/v2\/pages\/67\/revisions"}],"wp:attachment":[{"href":"https:\/\/and-capital.com\/ca\/wp-json\/wp\/v2\/media?parent=67"}],"curies":[{"name":"wp","href":"https:\/\/api.w.org\/{rel}","templated":true}]}}