{"id":2896,"date":"2023-01-06T15:06:16","date_gmt":"2023-01-06T15:06:16","guid":{"rendered":"https:\/\/and-capital.com\/?page_id=2896"},"modified":"2025-03-05T23:33:39","modified_gmt":"2025-03-05T21:33:39","slug":"cgu","status":"publish","type":"page","link":"https:\/\/and-capital.com\/es\/cgu\/","title":{"rendered":"CGU &amp; RGPD - RLG Y CAPITAL"},"content":{"rendered":"<div data-elementor-type=\"wp-page\" data-elementor-id=\"2896\" class=\"elementor elementor-2896\">\n\t\t\t\t\t\t<section class=\"elementor-section elementor-top-section elementor-element elementor-element-64a13a1 elementor-section-boxed elementor-section-height-default elementor-section-height-default\" data-id=\"64a13a1\" data-element_type=\"section\" data-e-type=\"section\" data-settings=\"{&quot;background_background&quot;:&quot;classic&quot;}\">\r\n\t\t\r\n\t\t\t\t\t\t\t<div class=\"elementor-container elementor-column-gap-default\">\r\n\t\t\t\t\t\t\t\t\t\t\t<div class=\"elementor-column elementor-col-100 elementor-top-column elementor-element elementor-element-250f3ac\" data-id=\"250f3ac\" data-element_type=\"column\" data-e-type=\"column\" data-settings=\"{&quot;background_background&quot;:&quot;classic&quot;}\">\r\n\t\t\t\t\t<div class=\"elementor-widget-wrap elementor-element-populated\">\r\n\t\t\t\t\t\t\t\t<div class=\"elementor-element elementor-element-57238de elementor-widget elementor-widget-porto_ultimate_heading\" data-id=\"57238de\" data-element_type=\"widget\" data-e-type=\"widget\" data-widget_type=\"porto_ultimate_heading.default\">\n\t\t\t\t<div class=\"elementor-widget-container\">\n\t\t\t\t\t<div class=\"porto-u-heading  porto-u-bd11424de395366805213f3c847c9ae4\"><div class=\"porto-u-main-heading\"><h2   >UGC Y RGPD<\/h2><\/div><style>.porto-u-bd11424de395366805213f3c847c9ae4.porto-u-heading{text-align:center}<\/style><\/div>\t\t\t\t<\/div>\n\t\t\t\t<\/div>\n\t\t\t\t\t<\/div>\r\n\t\t\t\t<\/div>\r\n\t\t\t\t\t<\/div>\r\n\t\t\t\t<\/section>\r\n\t\t\t\t<section class=\"elementor-section elementor-top-section elementor-element elementor-element-b23c3b5 elementor-section-boxed elementor-section-height-default elementor-section-height-default\" data-id=\"b23c3b5\" data-element_type=\"section\" data-e-type=\"section\" data-settings=\"{&quot;background_background&quot;:&quot;classic&quot;}\">\r\n\t\t\r\n\t\t\t\t\t\t\t<div class=\"elementor-container elementor-column-gap-default\">\r\n\t\t\t\t\t\t\t\t\t\t\t<div class=\"elementor-column elementor-col-100 elementor-top-column elementor-element elementor-element-92e3d64\" data-id=\"92e3d64\" data-element_type=\"column\" data-e-type=\"column\">\r\n\t\t\t\t\t<div class=\"elementor-widget-wrap elementor-element-populated\">\r\n\t\t\t\t\t\t\t\t<div class=\"elementor-element elementor-element-5b73cf1 elementor-widget elementor-widget-text-editor\" data-id=\"5b73cf1\" data-element_type=\"widget\" data-e-type=\"widget\" data-widget_type=\"text-editor.default\">\n\t\t\t\t<div class=\"elementor-widget-container\">\n\t\t\t\t\t\t\t\t\t<div class=\"et_pb_module et_pb_text et_pb_text_1 et_pb_text_align_left et_pb_bg_layout_light\"><div class=\"et_pb_text_inner\"><h2><span style=\"font-size: 21px;\">Pre\u00e1mbulo<\/span><\/h2><\/div><\/div><div class=\"et_pb_module et_pb_text et_pb_text_2 et_pb_text_align_left et_pb_bg_layout_light\"><div class=\"et_pb_text_inner\"><p>RLG AND CAPITAL, consciente de los derechos de las personas f\u00edsicas, especialmente en lo que respecta al tratamiento automatizado, y en aras de la transparencia con sus clientes, ha elaborado una pol\u00edtica de confidencialidad que abarca todos estos tratamientos, los fines para los que se llevan a cabo y los medios de acci\u00f3n a disposici\u00f3n de las personas f\u00edsicas para que puedan ejercer sus derechos de la forma m\u00e1s completa posible. Para m\u00e1s informaci\u00f3n sobre la protecci\u00f3n de datos personales, consulte el sitio web :\u00a0<a href=\"https:\/\/www.cnil.fr\/\">https:\/\/www.cnil.fr\/<\/a>\u00a0La navegaci\u00f3n continua por este sitio implica la aceptaci\u00f3n sin reservas de las siguientes disposiciones y condiciones de uso. La versi\u00f3n de las presentes condiciones de uso actualmente en l\u00ednea es la \u00fanica que podr\u00e1 invocarse durante todo el periodo de utilizaci\u00f3n del sitio y hasta que una nueva versi\u00f3n la sustituya.<\/p><\/div><\/div><div class=\"et_pb_module et_pb_text et_pb_text_3 et_pb_text_align_left et_pb_bg_layout_light\"><div class=\"et_pb_text_inner\"><h2>Aviso legal<\/h2><\/div><\/div><div class=\"et_pb_module et_pb_text et_pb_text_4 et_pb_text_align_left et_pb_bg_layout_light\"><div class=\"et_pb_text_inner\"><h3><span style=\"font-size: 21px;\">Nombre de la empresa<\/span><\/h3><\/div><\/div><div class=\"et_pb_module et_pb_text et_pb_text_5 et_pb_text_align_left et_pb_bg_layout_light\"><div class=\"et_pb_text_inner\"><p>RLG AND CAPITAL es una Soci\u00e9t\u00e9 Limit\u00e9e Unipersonnelle (SLU), con domicilio social en Carrer Sant Salvador, Num 10, 2N Pis, Despatx 4, Andorra la Vella.<br \/>Le num\u00e9ro de t\u00e9l\u00e9phone est le 00376 650 606<br \/>Direcci\u00f3n de correo electr\u00f3nico : <a href=\"mailto:rlgandcapital@hotmail.com\">rlgandcapital@hotmail.com<\/a><br \/>N\u00famero de registro mercantil: L-716366-R<br \/>NRT : 931707 G<\/p><\/div><\/div><div class=\"et_pb_module et_pb_text et_pb_text_6 et_pb_text_align_left et_pb_bg_layout_light\"><div class=\"et_pb_text_inner\"><h3><span style=\"font-size: 21px;\">Alojamiento web<\/span><\/h3><\/div><\/div><div class=\"et_pb_module et_pb_text et_pb_text_7 et_pb_text_align_left et_pb_bg_layout_light\"><div class=\"et_pb_text_inner\"><p>Este sitio web es propiedad de RLG AND CAPITAL.<br \/>Bajo el nombre de dominio <a href=\"https:\/\/and-capital.com\/es\/\">www.and-capital.com<\/a><\/p><p>RLG AND CAPITAL est\u00e1 alojado en O2SWITCH<br \/>Lugar : <a href=\"https:\/\/www.ionos.fr\/\">https:\/\/www.o2switch.fr\/<\/a><br \/>Tel\u00e9fono : <span class=\"LrzXr zdqRlf kno-fv\"><span aria-label=\"Llama al 04 44 44 60 40\">04 44 44 60 40<\/span><\/span><br \/>Rlg And Capital declina toda responsabilidad en caso de que se produzcan interrupciones del sitio o de sus servicios.<\/p><\/div><\/div><div class=\"et_pb_module et_pb_text et_pb_text_8 et_pb_text_align_left et_pb_bg_layout_light\"><div class=\"et_pb_text_inner\"><h3><span style=\"font-size: 21px;\">1. Objeto y designaci\u00f3n<\/span><\/h3><\/div><\/div><div class=\"et_pb_module et_pb_text et_pb_text_9 et_pb_text_align_left et_pb_bg_layout_light\"><div class=\"et_pb_text_inner\"><p>Se designar\u00e1n de la siguiente manera:<\/p><p>\"Usuario\": la persona que utiliza y accede a las p\u00e1ginas web que componen este sitio.<\/p><p>\"Sitio web\": el sitio web denominado And-Capital, cuyo enlace es el siguiente: <a href=\"https:\/\/and-capital.com\/es\/\">https:\/\/and-capital.com<\/a><\/p><p>\"Contenido\": se refiere a todos los elementos que componen el sitio, incluidos el logotipo y el nombre de dominio.<\/p><p>Las presentes Condiciones Generales de Uso constituyen un contrato entre el usuario del sitio web cuando son aceptadas por \u00e9ste.<\/p><\/div><\/div><div class=\"et_pb_module et_pb_text et_pb_text_10 et_pb_text_align_left et_pb_bg_layout_light\"><div class=\"et_pb_text_inner\"><h3><span style=\"font-size: 21px;\">2. 2. Propiedad intelectual<\/span><\/h3><\/div><\/div><div class=\"et_pb_module et_pb_text et_pb_text_11 et_pb_text_align_left et_pb_bg_layout_light\"><div class=\"et_pb_text_inner\"><p>La estructura del sitio web, as\u00ed como los textos, gr\u00e1ficos, im\u00e1genes, fotograf\u00edas, sonidos, v\u00eddeos y aplicaciones inform\u00e1ticas que lo componen, son propiedad de RLG AND CAPITAL y est\u00e1n protegidos como tales por la legislaci\u00f3n vigente en materia de propiedad intelectual.<br \/>Cualquier representaci\u00f3n, utilizaci\u00f3n o reproducci\u00f3n parcial o total del contenido sin la autorizaci\u00f3n expresa y por escrito de RLG Y CAPITAL est\u00e1 estrictamente prohibida, con excepci\u00f3n de los elementos expresamente designados como libres de derechos en el sitio. El uso no autorizado constituir\u00eda una infracci\u00f3n de los derechos de autor (art. L335-2 y siguientes del C\u00f3digo franc\u00e9s de la Propiedad Intelectual).<\/p><\/div><\/div><div class=\"et_pb_module et_pb_text et_pb_text_12 et_pb_text_align_left et_pb_bg_layout_light\"><div class=\"et_pb_text_inner\"><h3><span style=\"font-size: 21px;\">3. 3. Datos personales\u00a0<\/span><\/h3><\/div><\/div><div class=\"et_pb_module et_pb_text et_pb_text_13 et_pb_text_align_left et_pb_bg_layout_light\"><div class=\"et_pb_text_inner\"><p>Toda la informaci\u00f3n del usuario recogida a trav\u00e9s del Sitio Web es objeto de tratamiento inform\u00e1tico con fines de gesti\u00f3n de contactos, respetando la privacidad del Usuario. Podr\u00e1 ser utilizada con fines de prospecci\u00f3n comercial y de comunicaci\u00f3n en el marco de la actividad de RLG AND CAPITAL. Le invitamos a consultar nuestra Pol\u00edtica de Privacidad para m\u00e1s informaci\u00f3n.<\/p><\/div><\/div><div class=\"et_pb_module et_pb_text et_pb_text_14 et_pb_text_align_left et_pb_bg_layout_light\"><div class=\"et_pb_text_inner\"><h3><span style=\"font-size: 21px;\">4. 4. Descripci\u00f3n de los servicios<\/span><\/h3><\/div><\/div><div class=\"et_pb_module et_pb_text et_pb_text_15 et_pb_text_align_left et_pb_bg_layout_light\"><div class=\"et_pb_text_inner\"><p>El Sitio Web permite a los Usuarios acceder a los siguientes servicios:<\/p><ul><li>Informaci\u00f3n sobre los servicios de asesoramiento y apoyo de RLG AND CAPITAL;<\/li><li>Contenido editorial producido por y para el sitio web de RLG AND CAPITAL;<\/li><li>Informaci\u00f3n de contacto.<\/li><\/ul><\/div><\/div><div class=\"et_pb_module et_pb_text et_pb_text_16 et_pb_text_align_left et_pb_bg_layout_light\"><div class=\"et_pb_text_inner\"><h3><span style=\"font-size: 21px;\">5. 5. Acceso al emplazamiento<\/span><\/h3><\/div><\/div><div class=\"et_pb_module et_pb_text et_pb_text_17 et_pb_text_align_left et_pb_bg_layout_light\"><div class=\"et_pb_text_inner\"><p>Cualquier Usuario podr\u00e1 acceder al Sitio Web en los t\u00e9rminos establecidos en las presentes Condiciones Generales de Uso, de forma gratuita y sin restricciones, a trav\u00e9s de cualquier medio.<\/p><\/div><\/div><div class=\"et_pb_module et_pb_text et_pb_text_18 et_pb_text_align_left et_pb_bg_layout_light\"><div class=\"et_pb_text_inner\"><h3><span style=\"font-size: 21px;\">6. Aceptaci\u00f3n de la GTCU<\/span><\/h3><\/div><\/div><div class=\"et_pb_module et_pb_text et_pb_text_19 et_pb_text_align_left et_pb_bg_layout_light\"><div class=\"et_pb_text_inner\"><p>La aceptaci\u00f3n de las CGU por parte del Usuario es necesaria para que se apliquen a las partes. Esta aceptaci\u00f3n se caracteriza por lo siguiente: una casilla que debe marcarse seguida de las palabras \"al marcar esta casilla, declaro que he le\u00eddo las CGU del Sitio Web y las acepto\".<\/p><\/div><\/div><div class=\"et_pb_module et_pb_text et_pb_text_20 et_pb_text_align_left et_pb_bg_layout_light\"><div class=\"et_pb_text_inner\"><h3><span style=\"font-size: 21px;\">7. Obligaciones de las partes<\/span><\/h3><\/div><\/div><div class=\"et_pb_module et_pb_text et_pb_text_21 et_pb_text_align_left et_pb_bg_layout_light\"><div class=\"et_pb_text_inner\"><p>El Usuario se compromete a utilizar el Sitio Web de conformidad con sus disposiciones y a abstenerse de cualquier uso comercial de su contenido. Se compromete a utilizar el Sitio Web con fines estrictamente privados.<\/p><p>El Usuario se compromete a haber le\u00eddo las presentes Condiciones Generales de Uso del Sitio Web.<\/p><p>El Sitio Web se compromete a facilitar al m\u00e1ximo el acceso y utilizaci\u00f3n por parte de los Usuarios y a hacer todo lo posible para que el mismo funcione correctamente.<\/p><\/div><\/div><div class=\"et_pb_module et_pb_text et_pb_text_22 et_pb_text_align_left et_pb_bg_layout_light\"><div class=\"et_pb_text_inner\"><h3><span style=\"font-size: 21px;\">8. Responsabilidad de las partes y fuerza mayor<\/span><\/h3><\/div><\/div><div class=\"et_pb_module et_pb_text et_pb_text_23 et_pb_text_align_left et_pb_bg_layout_light\"><div class=\"et_pb_text_inner\"><p>El Sitio Web se compromete a hacer todo lo posible para garantizar la seguridad y confidencialidad de la informaci\u00f3n que recopila. Las fuentes de la informaci\u00f3n del Sitio Web se consideran fiables, pero el Sitio Web no se hace responsable de ning\u00fan defecto, error u omisi\u00f3n en relaci\u00f3n con las mismas.<\/p><p>El Sitio Web no se hace responsable del uso e interpretaci\u00f3n de la informaci\u00f3n contenida en sus Contenidos.<\/p><p>El Sitio Web no podr\u00e1 ser considerado responsable de ning\u00fan acontecimiento de fuerza mayor externo, irresistible e imprevisible que escape a su control.<\/p><\/div><\/div><div class=\"et_pb_module et_pb_text et_pb_text_24 et_pb_text_align_left et_pb_bg_layout_light\"><div class=\"et_pb_text_inner\"><h3>9. Enlaces de hipertexto<\/h3><\/div><\/div><div class=\"et_pb_module et_pb_text et_pb_text_25 et_pb_text_align_left et_pb_bg_layout_light\"><div class=\"et_pb_text_inner\"><p>El Sitio Web puede utilizar enlaces de hipertexto en su Contenido. Estos enlaces permiten al Usuario, que los conoce, salir del sitio web <a href=\"https:\/\/and-capital.com\/es\/\">https:\/\/and-capital.com<\/a><\/p><\/div><\/div><div class=\"et_pb_module et_pb_text et_pb_text_26 et_pb_text_align_left et_pb_bg_layout_light\"><div class=\"et_pb_text_inner\"><h3>10. Cookies<\/h3><\/div><\/div><div class=\"et_pb_module et_pb_text et_pb_text_27 et_pb_text_align_left et_pb_bg_layout_light\"><div class=\"et_pb_text_inner\"><p>El Usuario queda informado y acepta las Condiciones de Uso del Sitio, que pueden requerir la instalaci\u00f3n autom\u00e1tica de cookies en su navegador de Internet.<\/p><p>Las cookies son suites de informaci\u00f3n clasificada, recuperada por el Sitio Web y transmitida al software de navegaci\u00f3n utilizado. Estos datos se conservar\u00e1n durante un periodo de tiempo determinado.<\/p><p>El Usuario podr\u00e1 bloquear el uso de estas cookies por parte del Sitio Web rechaz\u00e1ndolas o modificando los par\u00e1metros del software del navegador. Le invitamos a consultar nuestra Pol\u00edtica de Privacidad para m\u00e1s informaci\u00f3n.<\/p><\/div><\/div><div class=\"et_pb_module et_pb_text et_pb_text_28 et_pb_text_align_left et_pb_bg_layout_light\"><div class=\"et_pb_text_inner\"><h3><span style=\"font-size: 21px;\">11. Ley aplicable y jurisdicci\u00f3n<\/span><\/h3><\/div><\/div><div class=\"et_pb_module et_pb_text et_pb_text_29 et_pb_text_align_left et_pb_bg_layout_light\"><div class=\"et_pb_text_inner\"><p>Salvo indicaci\u00f3n contraria, la ley aplicable al presente contrato es la ley andorrana.  A falta de resoluci\u00f3n amistosa de un litigio relativo al contrato, las partes declaran que los tribunales andorranos son competentes para conocer de cualquier litigio.<\/p><\/div><\/div>\t\t\t\t\t\t\t\t<\/div>\n\t\t\t\t<\/div>\n\t\t\t\t\t<\/div>\r\n\t\t\t\t<\/div>\r\n\t\t\t\t\t<\/div>\r\n\t\t\t\t<\/section>\r\n\t\t\t\t<section class=\"elementor-section elementor-top-section elementor-element elementor-element-9258c7c elementor-section-boxed elementor-section-height-default elementor-section-height-default\" data-id=\"9258c7c\" data-element_type=\"section\" data-e-type=\"section\">\r\n\t\t\r\n\t\t\t\t\t\t\t<div class=\"elementor-container elementor-column-gap-default\">\r\n\t\t\t\t\t\t\t\t\t\t\t<div class=\"elementor-column elementor-col-25 elementor-top-column elementor-element elementor-element-d2d65f0\" data-id=\"d2d65f0\" data-element_type=\"column\" data-e-type=\"column\" data-settings=\"{&quot;background_background&quot;:&quot;classic&quot;}\">\r\n\t\t\t\t\t<div class=\"elementor-widget-wrap elementor-element-populated\">\r\n\t\t\t\t\t\t\t\t<div class=\"elementor-element elementor-element-5636fc2 elementor-widget elementor-widget-porto_info_box\" data-id=\"5636fc2\" data-element_type=\"widget\" data-e-type=\"widget\" data-widget_type=\"porto_info_box.default\">\n\t\t\t\t<div class=\"elementor-widget-container\">\n\t\t\t\t\t<div class=\"porto-sicon-box style_1 top-icon\"><div class=\"porto-sicon-top\"><div class=\"porto-just-icon-wrapper porto-icon circle\" style=\"\"><i class=\"fas fa-phone-alt\"><\/i><\/div><\/div><div class=\"porto-sicon-header\"><h3 class=\"porto-sicon-title\" style=\"\">DE ANDORRA<\/h3><\/div> <!-- header --><div class=\"porto-sicon-description\" style=\"\" ><p><strong><a href=\"tel:+3376650606\"><span style=\"color: #424242;\">+376 650 606<\/span><\/a><\/strong><\/p><\/div> <!-- description --><\/div><!-- porto-sicon-box -->\t\t\t\t<\/div>\n\t\t\t\t<\/div>\n\t\t\t\t\t<\/div>\r\n\t\t\t\t<\/div>\r\n\t\t\t\t<div class=\"elementor-column elementor-col-25 elementor-top-column elementor-element elementor-element-9539202\" data-id=\"9539202\" data-element_type=\"column\" data-e-type=\"column\" data-settings=\"{&quot;background_background&quot;:&quot;classic&quot;}\">\r\n\t\t\t\t\t<div class=\"elementor-widget-wrap elementor-element-populated\">\r\n\t\t\t\t\t\t\t\t<div class=\"elementor-element elementor-element-6710374 elementor-widget elementor-widget-porto_info_box\" data-id=\"6710374\" data-element_type=\"widget\" data-e-type=\"widget\" data-widget_type=\"porto_info_box.default\">\n\t\t\t\t<div class=\"elementor-widget-container\">\n\t\t\t\t\t<div class=\"porto-sicon-box style_1 top-icon\"><div class=\"porto-sicon-top\"><div class=\"porto-just-icon-wrapper porto-icon circle\" style=\"\"><i class=\"fas fa-phone-alt\"><\/i><\/div><\/div><div class=\"porto-sicon-header\"><h3 class=\"porto-sicon-title\" style=\"\">DESDE FRANCIA<\/h3><\/div> <!-- header --><div class=\"porto-sicon-description\" style=\"\" ><p><strong><a href=\"tel:+33629893851\"><span style=\"color: #424242;\">+33 629 89 38 51<\/span><\/a><\/strong><\/p><\/div> <!-- description --><\/div><!-- porto-sicon-box -->\t\t\t\t<\/div>\n\t\t\t\t<\/div>\n\t\t\t\t\t<\/div>\r\n\t\t\t\t<\/div>\r\n\t\t\t\t<div class=\"elementor-column elementor-col-25 elementor-top-column elementor-element elementor-element-abed3ab\" data-id=\"abed3ab\" data-element_type=\"column\" data-e-type=\"column\" data-settings=\"{&quot;background_background&quot;:&quot;classic&quot;}\">\r\n\t\t\t\t\t<div class=\"elementor-widget-wrap elementor-element-populated\">\r\n\t\t\t\t\t\t\t\t<div class=\"elementor-element elementor-element-5790393 elementor-widget elementor-widget-porto_info_box\" data-id=\"5790393\" data-element_type=\"widget\" data-e-type=\"widget\" data-widget_type=\"porto_info_box.default\">\n\t\t\t\t<div class=\"elementor-widget-container\">\n\t\t\t\t\t<div class=\"porto-sicon-box style_1 top-icon\"><div class=\"porto-sicon-top\"><div class=\"porto-just-icon-wrapper porto-icon circle\" style=\"\"><i class=\"far fa-clock\"><\/i><\/div><\/div><div class=\"porto-sicon-header\"><h3 class=\"porto-sicon-title\" style=\"\">HORARIO DE APERTURA<\/h3><\/div> <!-- header --><div class=\"porto-sicon-description\" style=\"\" ><p><span style=\"color: #424242;\"><strong>De lunes a viernes<\/strong><\/span><\/p><p><span style=\"color: #424242;\"><strong>De 9.00 a 18.00 h.<\/strong><\/span><\/p><\/div> <!-- description --><\/div><!-- porto-sicon-box -->\t\t\t\t<\/div>\n\t\t\t\t<\/div>\n\t\t\t\t\t<\/div>\r\n\t\t\t\t<\/div>\r\n\t\t\t\t<div class=\"elementor-column elementor-col-25 elementor-top-column elementor-element elementor-element-5f24574\" data-id=\"5f24574\" data-element_type=\"column\" data-e-type=\"column\" data-settings=\"{&quot;background_background&quot;:&quot;classic&quot;}\">\r\n\t\t\t\t\t<div class=\"elementor-widget-wrap elementor-element-populated\">\r\n\t\t\t\t\t\t\t\t<div class=\"elementor-element elementor-element-e846d7c elementor-widget elementor-widget-porto_info_box\" data-id=\"e846d7c\" data-element_type=\"widget\" data-e-type=\"widget\" data-widget_type=\"porto_info_box.default\">\n\t\t\t\t<div class=\"elementor-widget-container\">\n\t\t\t\t\t<div class=\"porto-sicon-box style_1 top-icon\"><div class=\"porto-sicon-top\"><div class=\"porto-just-icon-wrapper porto-icon circle\" style=\"\"><i class=\"fas fa-home\"><\/i><\/div><\/div><div class=\"porto-sicon-header\"><h3 class=\"porto-sicon-title\" style=\"\">VIS\u00cdTENOS<\/h3><\/div> <!-- header --><div class=\"porto-sicon-description\" style=\"\" ><p><span style=\"color: #424242;\"><strong>Urbanitzaci\u00f3 Gran Sol, Edifici Ginesta, 3r 5a AD100 \u2013 Canillo, Principat d\u2019Andorra<\/strong><\/span><\/p><\/div> <!-- description --><\/div><!-- porto-sicon-box -->\t\t\t\t<\/div>\n\t\t\t\t<\/div>\n\t\t\t\t\t<\/div>\r\n\t\t\t\t<\/div>\r\n\t\t\t\t\t<\/div>\r\n\t\t\t\t<\/section>\r\n\t\t\t\t<\/div>","protected":false},"excerpt":{"rendered":"<p>CGU &amp; RGPD Pr\u00e9ambule La soci\u00e9t\u00e9 RLG AND CAPITAL, soucieux du droit des individus, notamment au regard des traitements automatis\u00e9s et dans une volont\u00e9 de transparence avec ses clients, a mis en place une politique de confidentialit\u00e9 reprenant l\u2019ensemble de ces traitements, des finalit\u00e9s poursuivies par ces derniers ainsi que des moyens d\u2019actions \u00e0 la [&hellip;]<\/p>","protected":false},"author":2,"featured_media":0,"parent":0,"menu_order":0,"comment_status":"closed","ping_status":"closed","template":"","meta":{"footnotes":""},"class_list":["post-2896","page","type-page","status-publish","hentry"],"aioseo_notices":[],"_links":{"self":[{"href":"https:\/\/and-capital.com\/es\/wp-json\/wp\/v2\/pages\/2896","targetHints":{"allow":["GET"]}}],"collection":[{"href":"https:\/\/and-capital.com\/es\/wp-json\/wp\/v2\/pages"}],"about":[{"href":"https:\/\/and-capital.com\/es\/wp-json\/wp\/v2\/types\/page"}],"author":[{"embeddable":true,"href":"https:\/\/and-capital.com\/es\/wp-json\/wp\/v2\/users\/2"}],"replies":[{"embeddable":true,"href":"https:\/\/and-capital.com\/es\/wp-json\/wp\/v2\/comments?post=2896"}],"version-history":[{"count":0,"href":"https:\/\/and-capital.com\/es\/wp-json\/wp\/v2\/pages\/2896\/revisions"}],"wp:attachment":[{"href":"https:\/\/and-capital.com\/es\/wp-json\/wp\/v2\/media?parent=2896"}],"curies":[{"name":"wp","href":"https:\/\/api.w.org\/{rel}","templated":true}]}}