{"id":67,"date":"2022-01-17T07:15:11","date_gmt":"2022-01-17T07:15:11","guid":{"rendered":"http:\/\/sw-themes.com\/porto_dummy\/?page_id=67"},"modified":"2025-03-05T23:33:25","modified_gmt":"2025-03-05T21:33:25","slug":"informacao-juridica","status":"publish","type":"page","link":"https:\/\/and-capital.com\/pt\/informacao-juridica\/","title":{"rendered":"RLG E CAPITAL: Consulte os nossos avisos legais para sua tranquilidade"},"content":{"rendered":"<div data-elementor-type=\"wp-page\" data-elementor-id=\"67\" class=\"elementor elementor-67\">\n\t\t\t\t\t\t<section class=\"elementor-section elementor-top-section elementor-element elementor-element-64a13a1 elementor-section-boxed elementor-section-height-default elementor-section-height-default\" data-id=\"64a13a1\" data-element_type=\"section\" data-e-type=\"section\" data-settings=\"{&quot;background_background&quot;:&quot;classic&quot;}\">\r\n\t\t\r\n\t\t\t\t\t\t\t<div class=\"elementor-container elementor-column-gap-default\">\r\n\t\t\t\t\t\t\t\t\t\t\t<div class=\"elementor-column elementor-col-100 elementor-top-column elementor-element elementor-element-250f3ac\" data-id=\"250f3ac\" data-element_type=\"column\" data-e-type=\"column\" data-settings=\"{&quot;background_background&quot;:&quot;classic&quot;}\">\r\n\t\t\t\t\t<div class=\"elementor-widget-wrap elementor-element-populated\">\r\n\t\t\t\t\t\t\t\t<div class=\"elementor-element elementor-element-57238de elementor-widget elementor-widget-porto_ultimate_heading\" data-id=\"57238de\" data-element_type=\"widget\" data-e-type=\"widget\" data-widget_type=\"porto_ultimate_heading.default\">\n\t\t\t\t<div class=\"elementor-widget-container\">\n\t\t\t\t\t<div class=\"porto-u-heading  porto-u-bd11424de395366805213f3c847c9ae4\"><div class=\"porto-u-main-heading\"><h2   >AVISO LEGAL<\/h2><\/div><style>.porto-u-bd11424de395366805213f3c847c9ae4.porto-u-heading{text-align:center}<\/style><\/div>\t\t\t\t<\/div>\n\t\t\t\t<\/div>\n\t\t\t\t\t<\/div>\r\n\t\t\t\t<\/div>\r\n\t\t\t\t\t<\/div>\r\n\t\t\t\t<\/section>\r\n\t\t\t\t<section class=\"elementor-section elementor-top-section elementor-element elementor-element-b23c3b5 elementor-section-boxed elementor-section-height-default elementor-section-height-default\" data-id=\"b23c3b5\" data-element_type=\"section\" data-e-type=\"section\" data-settings=\"{&quot;background_background&quot;:&quot;classic&quot;}\">\r\n\t\t\r\n\t\t\t\t\t\t\t<div class=\"elementor-container elementor-column-gap-default\">\r\n\t\t\t\t\t\t\t\t\t\t\t<div class=\"elementor-column elementor-col-100 elementor-top-column elementor-element elementor-element-92e3d64\" data-id=\"92e3d64\" data-element_type=\"column\" data-e-type=\"column\">\r\n\t\t\t\t\t<div class=\"elementor-widget-wrap elementor-element-populated\">\r\n\t\t\t\t\t\t\t\t<div class=\"elementor-element elementor-element-5b73cf1 elementor-widget elementor-widget-text-editor\" data-id=\"5b73cf1\" data-element_type=\"widget\" data-e-type=\"widget\" data-widget_type=\"text-editor.default\">\n\t\t\t\t<div class=\"elementor-widget-container\">\n\t\t\t\t\t\t\t\t\t<div class=\"et_pb_module et_pb_text et_pb_text_1 et_pb_text_align_left et_pb_bg_layout_light\"><div class=\"et_pb_text_inner\"><h2><span style=\"font-size: 21px;\">Pre\u00e2mbulo<\/span><\/h2><\/div><\/div><div class=\"et_pb_module et_pb_text et_pb_text_2 et_pb_text_align_left et_pb_bg_layout_light\"><div class=\"et_pb_text_inner\"><p>A RLG AND CAPITAL, atenta aos direitos das pessoas singulares, nomeadamente no que diz respeito aos tratamentos automatizados, e numa preocupa\u00e7\u00e3o de transpar\u00eancia para com os seus clientes, elaborou uma pol\u00edtica de confidencialidade que abrange todos estes tratamentos, as finalidades para as quais s\u00e3o efectuados e os meios de a\u00e7\u00e3o \u00e0 disposi\u00e7\u00e3o das pessoas singulares para que possam exercer os seus direitos da forma mais completa poss\u00edvel. Para mais informa\u00e7\u00f5es sobre a prote\u00e7\u00e3o dos dados pessoais, consultar o s\u00edtio Web : <a href=\"https:\/\/www.cnil.fr\/\">https:\/\/www.cnil.fr\/<\/a>\u00a0A continua\u00e7\u00e3o da navega\u00e7\u00e3o neste s\u00edtio implica a aceita\u00e7\u00e3o sem reservas das seguintes disposi\u00e7\u00f5es e condi\u00e7\u00f5es de utiliza\u00e7\u00e3o. A vers\u00e3o das presentes condi\u00e7\u00f5es de utiliza\u00e7\u00e3o atualmente em linha \u00e9 a \u00fanica que pode ser invocada durante todo o per\u00edodo de utiliza\u00e7\u00e3o do s\u00edtio e at\u00e9 que uma nova vers\u00e3o a substitua.<\/p><\/div><\/div><div class=\"et_pb_module et_pb_text et_pb_text_3 et_pb_text_align_left et_pb_bg_layout_light\"><div class=\"et_pb_text_inner\"><h2>Aviso legal<\/h2><\/div><\/div><div class=\"et_pb_module et_pb_text et_pb_text_4 et_pb_text_align_left et_pb_bg_layout_light\"><div class=\"et_pb_text_inner\"><h3><span style=\"font-size: 21px;\">Nome da empresa<\/span><\/h3><\/div><\/div><div class=\"et_pb_module et_pb_text et_pb_text_5 et_pb_text_align_left et_pb_bg_layout_light\"><div class=\"et_pb_text_inner\"><p>A RLG Capital \u00e9 uma Sociedad Limitada Unipersonal (SLU) com sede social em Carrer Sant Salvador, Num 10, 2N Pis, Despatx 4, Andorra la Vella.<br \/>Le num\u00e9ro de t\u00e9l\u00e9phone est le +376 650 606<br \/>L\u2019adresse mail : gestoriarlgcapital@gmail.com<br \/>N\u00famero de registo da empresa: L-716366-R<br \/>NRT : 931707 G<\/p><\/div><\/div><div class=\"et_pb_module et_pb_text et_pb_text_6 et_pb_text_align_left et_pb_bg_layout_light\"><div class=\"et_pb_text_inner\"><h3><span style=\"font-size: 21px;\">Alojamento de s\u00edtios Web<\/span><\/h3><\/div><\/div><div class=\"et_pb_module et_pb_text et_pb_text_7 et_pb_text_align_left et_pb_bg_layout_light\"><div class=\"et_pb_text_inner\"><p>Este s\u00edtio Web \u00e9 propriedade da RLG Capital<br \/>Sob o nome de dom\u00ednio <a href=\"https:\/\/and-capital.com\/pt\/\">www.and-capital.com<\/a><\/p><p>Rlg And Capital \u00e9 hospedado por 1&amp;1 Ionos<br \/>S\u00edtio : <a href=\"https:\/\/www.o2switch.fr\">https:\/\/www.o2switch.f<\/a>r<br \/>Telefone : <span class=\"LrzXr zdqRlf kno-fv\"><span aria-label=\"Telefone 04 44 44 60 40\">04 44 44 60 40<\/span><\/span><br \/>A Rlg And Capital n\u00e3o aceita qualquer responsabilidade por eventuais interrup\u00e7\u00f5es do s\u00edtio ou dos seus servi\u00e7os.<\/p><\/div><\/div><div class=\"et_pb_module et_pb_text et_pb_text_8 et_pb_text_align_left et_pb_bg_layout_light\"><div class=\"et_pb_text_inner\"><h3><span style=\"font-size: 21px;\">1. Objetivo e designa\u00e7\u00e3o<\/span><\/h3><\/div><\/div><div class=\"et_pb_module et_pb_text et_pb_text_9 et_pb_text_align_left et_pb_bg_layout_light\"><div class=\"et_pb_text_inner\"><p>Ser\u00e3o designados da seguinte forma:<\/p><p>\"Utilizador\": a pessoa que utiliza e acede \u00e0s p\u00e1ginas Web que comp\u00f5em este s\u00edtio.<\/p><p>\"S\u00edtio Web\": o s\u00edtio Web denominado And-Capital, cuja liga\u00e7\u00e3o \u00e9 a seguinte <a href=\"https:\/\/and-capital.com\/pt\/\">https:\/\/and-capital.com<\/a><\/p><p>\"Conte\u00fado\": refere-se a todos os elementos que comp\u00f5em o s\u00edtio, incluindo o log\u00f3tipo e o nome de dom\u00ednio.<\/p><p>As presentes Condi\u00e7\u00f5es Gerais de Utiliza\u00e7\u00e3o constituem um contrato entre o utilizador do s\u00edtio Web quando s\u00e3o aceites por este \u00faltimo.<\/p><\/div><\/div><div class=\"et_pb_module et_pb_text et_pb_text_10 et_pb_text_align_left et_pb_bg_layout_light\"><div class=\"et_pb_text_inner\"><h3><span style=\"font-size: 21px;\">2. Propriedade intelectual<\/span><\/h3><\/div><\/div><div class=\"et_pb_module et_pb_text et_pb_text_11 et_pb_text_align_left et_pb_bg_layout_light\"><div class=\"et_pb_text_inner\"><p>A estrutura do s\u00edtio Web, bem como os textos, gr\u00e1ficos, imagens, fotografias, sons, v\u00eddeos e aplica\u00e7\u00f5es inform\u00e1ticas que o comp\u00f5em, s\u00e3o propriedade da RLG AND CAPITAL e est\u00e3o protegidos como tal pelas leis de propriedade intelectual em vigor.<br \/>Qualquer representa\u00e7\u00e3o, utiliza\u00e7\u00e3o ou reprodu\u00e7\u00e3o parcial ou total do conte\u00fado sem a autoriza\u00e7\u00e3o expressa por escrito da RLG AND CAPITAL \u00e9 estritamente proibida, com exce\u00e7\u00e3o dos elementos expressamente designados como livres de direitos no s\u00edtio. A utiliza\u00e7\u00e3o n\u00e3o autorizada constituiria uma viola\u00e7\u00e3o dos direitos de autor (art. L335-2 e seguintes do C\u00f3digo da Propriedade Intelectual franc\u00eas).<\/p><\/div><\/div><div class=\"et_pb_module et_pb_text et_pb_text_12 et_pb_text_align_left et_pb_bg_layout_light\"><div class=\"et_pb_text_inner\"><h3><span style=\"font-size: 21px;\">3. Dados pessoais\u00a0<\/span><\/h3><\/div><\/div><div class=\"et_pb_module et_pb_text et_pb_text_13 et_pb_text_align_left et_pb_bg_layout_light\"><div class=\"et_pb_text_inner\"><p>Todas as informa\u00e7\u00f5es do utilizador recolhidas atrav\u00e9s do s\u00edtio Web s\u00e3o processadas para efeitos de gest\u00e3o de contactos, no respeito pela privacidade do utilizador. Poder\u00e3o ser utilizadas para fins de prospe\u00e7\u00e3o comercial e de comunica\u00e7\u00e3o no \u00e2mbito das actividades da Rlg And Capital. Convidamo-lo a consultar a nossa Pol\u00edtica de Privacidade para mais informa\u00e7\u00f5es.<\/p><\/div><\/div><div class=\"et_pb_module et_pb_text et_pb_text_14 et_pb_text_align_left et_pb_bg_layout_light\"><div class=\"et_pb_text_inner\"><h3><span style=\"font-size: 21px;\">4. Descri\u00e7\u00e3o dos servi\u00e7os<\/span><\/h3><\/div><\/div><div class=\"et_pb_module et_pb_text et_pb_text_15 et_pb_text_align_left et_pb_bg_layout_light\"><div class=\"et_pb_text_inner\"><p>O S\u00edtio Web d\u00e1 aos Utilizadores acesso aos seguintes servi\u00e7os:<\/p><ul><li>Informa\u00e7\u00f5es sobre os servi\u00e7os de consultoria e de apoio da RLG AND CAPITAL;<\/li><li>Conte\u00fado editorial produzido por e para o s\u00edtio Web da RLG AND CAPITAL;<\/li><li>Informa\u00e7\u00f5es de contacto.<\/li><\/ul><\/div><\/div><div class=\"et_pb_module et_pb_text et_pb_text_16 et_pb_text_align_left et_pb_bg_layout_light\"><div class=\"et_pb_text_inner\"><h3><span style=\"font-size: 21px;\">5. Acesso ao s\u00edtio<\/span><\/h3><\/div><\/div><div class=\"et_pb_module et_pb_text et_pb_text_17 et_pb_text_align_left et_pb_bg_layout_light\"><div class=\"et_pb_text_inner\"><p>Qualquer Utilizador pode aceder ao S\u00edtio Web tal como definido nas presentes Condi\u00e7\u00f5es Gerais de Utiliza\u00e7\u00e3o, gratuitamente e sem restri\u00e7\u00f5es, atrav\u00e9s de qualquer meio.<\/p><\/div><\/div><div class=\"et_pb_module et_pb_text et_pb_text_18 et_pb_text_align_left et_pb_bg_layout_light\"><div class=\"et_pb_text_inner\"><h3><span style=\"font-size: 21px;\">6. Aceita\u00e7\u00e3o da GTCU<\/span><\/h3><\/div><\/div><div class=\"et_pb_module et_pb_text et_pb_text_19 et_pb_text_align_left et_pb_bg_layout_light\"><div class=\"et_pb_text_inner\"><p>A aceita\u00e7\u00e3o das CGU pelo Utilizador \u00e9 necess\u00e1ria para que estas sejam aplicadas \u00e0s partes. Esta aceita\u00e7\u00e3o caracteriza-se pelo seguinte: uma caixa a assinalar seguida da men\u00e7\u00e3o \"ao assinalar esta caixa, declaro que li as CGU do s\u00edtio Web e que as aceito\".<\/p><\/div><\/div><div class=\"et_pb_module et_pb_text et_pb_text_20 et_pb_text_align_left et_pb_bg_layout_light\"><div class=\"et_pb_text_inner\"><h3><span style=\"font-size: 21px;\">7. Obriga\u00e7\u00f5es das partes<\/span><\/h3><\/div><\/div><div class=\"et_pb_module et_pb_text et_pb_text_21 et_pb_text_align_left et_pb_bg_layout_light\"><div class=\"et_pb_text_inner\"><p>O Utilizador compromete-se a utilizar o S\u00edtio Web em conformidade com as suas disposi\u00e7\u00f5es e a abster-se de qualquer utiliza\u00e7\u00e3o comercial do seu conte\u00fado. Compromete-se a utilizar o s\u00edtio Web para fins estritamente privados.<\/p><p>O Utilizador compromete-se a ler as presentes Condi\u00e7\u00f5es Gerais de Utiliza\u00e7\u00e3o do S\u00edtio Web.<\/p><p>O Site compromete-se a facilitar o acesso e a utiliza\u00e7\u00e3o pelos Utilizadores da melhor forma poss\u00edvel e a envidar todos os esfor\u00e7os para garantir o seu bom funcionamento.<\/p><\/div><\/div><div class=\"et_pb_module et_pb_text et_pb_text_22 et_pb_text_align_left et_pb_bg_layout_light\"><div class=\"et_pb_text_inner\"><h3><span style=\"font-size: 21px;\">8. Responsabilidade das partes e for\u00e7a maior<\/span><\/h3><\/div><\/div><div class=\"et_pb_module et_pb_text et_pb_text_23 et_pb_text_align_left et_pb_bg_layout_light\"><div class=\"et_pb_text_inner\"><p>O s\u00edtio Web compromete-se a envidar todos os esfor\u00e7os para garantir a seguran\u00e7a e a confidencialidade das informa\u00e7\u00f5es que recolhe. As fontes de informa\u00e7\u00e3o do S\u00edtio Web s\u00e3o consideradas fi\u00e1veis, mas o S\u00edtio Web n\u00e3o pode ser responsabilizado por qualquer defeito, erro ou omiss\u00e3o que lhes digam respeito.<\/p><p>O s\u00edtio Web n\u00e3o pode ser considerado respons\u00e1vel pela utiliza\u00e7\u00e3o e interpreta\u00e7\u00e3o das informa\u00e7\u00f5es contidas no seu conte\u00fado.<\/p><p>O s\u00edtio Web n\u00e3o pode ser responsabilizado por qualquer evento de for\u00e7a maior que seja externo, irresist\u00edvel e imprevis\u00edvel, fora do seu controlo.<\/p><\/div><\/div><div class=\"et_pb_module et_pb_text et_pb_text_24 et_pb_text_align_left et_pb_bg_layout_light\"><div class=\"et_pb_text_inner\"><h3>9. Liga\u00e7\u00f5es de hipertexto<\/h3><\/div><\/div><div class=\"et_pb_module et_pb_text et_pb_text_25 et_pb_text_align_left et_pb_bg_layout_light\"><div class=\"et_pb_text_inner\"><p>O s\u00edtio Web pode utilizar liga\u00e7\u00f5es de hipertexto no seu conte\u00fado. Estas liga\u00e7\u00f5es permitem ao Utilizador, que delas tem conhecimento, sair do s\u00edtio <a href=\"https:\/\/and-capital.com\/pt\/\">https:\/\/and-capital.com<\/a><\/p><\/div><\/div><div class=\"et_pb_module et_pb_text et_pb_text_26 et_pb_text_align_left et_pb_bg_layout_light\"><div class=\"et_pb_text_inner\"><h3>10. Biscoitos<\/h3><\/div><\/div><div class=\"et_pb_module et_pb_text et_pb_text_27 et_pb_text_align_left et_pb_bg_layout_light\"><div class=\"et_pb_text_inner\"><p>O Utilizador \u00e9 informado e aceita as Condi\u00e7\u00f5es de Utiliza\u00e7\u00e3o do S\u00edtio, que podem exigir a instala\u00e7\u00e3o autom\u00e1tica de cookies no seu navegador de Internet.<\/p><p>Os cookies s\u00e3o conjuntos de informa\u00e7\u00f5es classificadas, recuperadas pelo s\u00edtio Web e transmitidas ao software de navega\u00e7\u00e3o utilizado. Estes dados ser\u00e3o conservados durante um determinado per\u00edodo de tempo.<\/p><p>O Utilizador ter\u00e1 a possibilidade de bloquear a utiliza\u00e7\u00e3o destes cookies pelo S\u00edtio Web, recusando-os ou modificando os par\u00e2metros do software do navegador. Convidamo-lo a consultar a nossa Pol\u00edtica de Privacidade para mais informa\u00e7\u00f5es.<\/p><\/div><\/div><div class=\"et_pb_module et_pb_text et_pb_text_28 et_pb_text_align_left et_pb_bg_layout_light\"><div class=\"et_pb_text_inner\"><h3><span style=\"font-size: 21px;\">11. Direito aplic\u00e1vel e jurisdi\u00e7\u00e3o<\/span><\/h3><\/div><\/div><div class=\"et_pb_module et_pb_text et_pb_text_29 et_pb_text_align_left et_pb_bg_layout_light\"><div class=\"et_pb_text_inner\"><p>Salvo indica\u00e7\u00e3o em contr\u00e1rio, a lei aplic\u00e1vel ao presente contrato \u00e9 a lei andorrana.  Na aus\u00eancia de uma resolu\u00e7\u00e3o amig\u00e1vel de um lit\u00edgio relativo ao contrato, as partes declaram que os tribunais andorranos s\u00e3o competentes para apreciar qualquer lit\u00edgio.<\/p><\/div><\/div>\t\t\t\t\t\t\t\t<\/div>\n\t\t\t\t<\/div>\n\t\t\t\t\t<\/div>\r\n\t\t\t\t<\/div>\r\n\t\t\t\t\t<\/div>\r\n\t\t\t\t<\/section>\r\n\t\t\t\t<section class=\"elementor-section elementor-top-section elementor-element elementor-element-c40ca4c elementor-section-boxed elementor-section-height-default elementor-section-height-default\" data-id=\"c40ca4c\" data-element_type=\"section\" data-e-type=\"section\">\r\n\t\t\r\n\t\t\t\t\t\t\t<div class=\"elementor-container elementor-column-gap-default\">\r\n\t\t\t\t\t\t\t\t\t\t\t<div class=\"elementor-column elementor-col-25 elementor-top-column elementor-element elementor-element-e6a2707\" data-id=\"e6a2707\" data-element_type=\"column\" data-e-type=\"column\" data-settings=\"{&quot;background_background&quot;:&quot;classic&quot;}\">\r\n\t\t\t\t\t<div class=\"elementor-widget-wrap elementor-element-populated\">\r\n\t\t\t\t\t\t\t\t<div class=\"elementor-element elementor-element-c49f47c elementor-widget elementor-widget-porto_info_box\" data-id=\"c49f47c\" data-element_type=\"widget\" data-e-type=\"widget\" data-widget_type=\"porto_info_box.default\">\n\t\t\t\t<div class=\"elementor-widget-container\">\n\t\t\t\t\t<div class=\"porto-sicon-box style_1 top-icon\"><div class=\"porto-sicon-top\"><div class=\"porto-just-icon-wrapper porto-icon circle\" style=\"\"><i class=\"fas fa-phone-alt\"><\/i><\/div><\/div><div class=\"porto-sicon-header\"><h3 class=\"porto-sicon-title\" style=\"\">DE ANDORRA<\/h3><\/div> <!-- header --><div class=\"porto-sicon-description\" style=\"\" ><p><strong><a href=\"tel:+3376650606\"><span style=\"color: #424242;\">+376 650 606<\/span><\/a><\/strong><\/p><\/div> <!-- description --><\/div><!-- porto-sicon-box -->\t\t\t\t<\/div>\n\t\t\t\t<\/div>\n\t\t\t\t\t<\/div>\r\n\t\t\t\t<\/div>\r\n\t\t\t\t<div class=\"elementor-column elementor-col-25 elementor-top-column elementor-element elementor-element-9cb8957\" data-id=\"9cb8957\" data-element_type=\"column\" data-e-type=\"column\" data-settings=\"{&quot;background_background&quot;:&quot;classic&quot;}\">\r\n\t\t\t\t\t<div class=\"elementor-widget-wrap elementor-element-populated\">\r\n\t\t\t\t\t\t\t\t<div class=\"elementor-element elementor-element-03ddbcb elementor-widget elementor-widget-porto_info_box\" data-id=\"03ddbcb\" data-element_type=\"widget\" data-e-type=\"widget\" data-widget_type=\"porto_info_box.default\">\n\t\t\t\t<div class=\"elementor-widget-container\">\n\t\t\t\t\t<div class=\"porto-sicon-box style_1 top-icon\"><div class=\"porto-sicon-top\"><div class=\"porto-just-icon-wrapper porto-icon circle\" style=\"\"><i class=\"fas fa-phone-alt\"><\/i><\/div><\/div><div class=\"porto-sicon-header\"><h3 class=\"porto-sicon-title\" style=\"\">DE FRAN\u00c7A<\/h3><\/div> <!-- header --><div class=\"porto-sicon-description\" style=\"\" ><p><strong><a href=\"tel:+33629893851\"><span style=\"color: #424242;\">+33 629 89 38 51<\/span><\/a><\/strong><\/p><\/div> <!-- description --><\/div><!-- porto-sicon-box -->\t\t\t\t<\/div>\n\t\t\t\t<\/div>\n\t\t\t\t\t<\/div>\r\n\t\t\t\t<\/div>\r\n\t\t\t\t<div class=\"elementor-column elementor-col-25 elementor-top-column elementor-element elementor-element-976dfe1\" data-id=\"976dfe1\" data-element_type=\"column\" data-e-type=\"column\" data-settings=\"{&quot;background_background&quot;:&quot;classic&quot;}\">\r\n\t\t\t\t\t<div class=\"elementor-widget-wrap elementor-element-populated\">\r\n\t\t\t\t\t\t\t\t<div class=\"elementor-element elementor-element-728b1bc elementor-widget elementor-widget-porto_info_box\" data-id=\"728b1bc\" data-element_type=\"widget\" data-e-type=\"widget\" data-widget_type=\"porto_info_box.default\">\n\t\t\t\t<div class=\"elementor-widget-container\">\n\t\t\t\t\t<div class=\"porto-sicon-box style_1 top-icon\"><div class=\"porto-sicon-top\"><div class=\"porto-just-icon-wrapper porto-icon circle\" style=\"\"><i class=\"far fa-clock\"><\/i><\/div><\/div><div class=\"porto-sicon-header\"><h3 class=\"porto-sicon-title\" style=\"\">HOR\u00c1RIOS DE ABERTURA<\/h3><\/div> <!-- header --><div class=\"porto-sicon-description\" style=\"\" ><p><span style=\"color: #424242;\"><strong>De segunda a sexta<\/strong><\/span><\/p><p><span style=\"color: #424242;\"><strong>Das 9 \u00e0s 18 horas.<\/strong><\/span><\/p><\/div> <!-- description --><\/div><!-- porto-sicon-box -->\t\t\t\t<\/div>\n\t\t\t\t<\/div>\n\t\t\t\t\t<\/div>\r\n\t\t\t\t<\/div>\r\n\t\t\t\t<div class=\"elementor-column elementor-col-25 elementor-top-column elementor-element elementor-element-0e5cf3d\" data-id=\"0e5cf3d\" data-element_type=\"column\" data-e-type=\"column\" data-settings=\"{&quot;background_background&quot;:&quot;classic&quot;}\">\r\n\t\t\t\t\t<div class=\"elementor-widget-wrap elementor-element-populated\">\r\n\t\t\t\t\t\t\t\t<div class=\"elementor-element elementor-element-ee99a32 elementor-widget elementor-widget-porto_info_box\" data-id=\"ee99a32\" data-element_type=\"widget\" data-e-type=\"widget\" data-widget_type=\"porto_info_box.default\">\n\t\t\t\t<div class=\"elementor-widget-container\">\n\t\t\t\t\t<div class=\"porto-sicon-box style_1 top-icon\"><div class=\"porto-sicon-top\"><div class=\"porto-just-icon-wrapper porto-icon circle\" style=\"\"><i class=\"fas fa-home\"><\/i><\/div><\/div><div class=\"porto-sicon-header\"><h3 class=\"porto-sicon-title\" style=\"\">FA\u00c7A-NOS UMA VISITA<\/h3><\/div> <!-- header --><div class=\"porto-sicon-description\" style=\"\" ><p><span style=\"color: #424242;\"><strong>Urbanitzaci\u00f3 Gran Sol, Edifici Ginesta, 3r 5a AD100 \u2013 Canillo, Principat d\u2019Andorra<\/strong><\/span><\/p><\/div> <!-- description --><\/div><!-- porto-sicon-box -->\t\t\t\t<\/div>\n\t\t\t\t<\/div>\n\t\t\t\t\t<\/div>\r\n\t\t\t\t<\/div>\r\n\t\t\t\t\t<\/div>\r\n\t\t\t\t<\/section>\r\n\t\t\t\t<\/div>","protected":false},"excerpt":{"rendered":"<p>MENTION L\u00c9GALES Pr\u00e9ambule La soci\u00e9t\u00e9 RLG AND CAPITAL, soucieux du droit des individus, notamment au regard des traitements automatis\u00e9s et dans une volont\u00e9 de transparence avec ses clients, a mis en place une politique de confidentialit\u00e9 reprenant l\u2019ensemble de ces traitements, des finalit\u00e9s poursuivies par ces derniers ainsi que des moyens d\u2019actions \u00e0 la disposition [&hellip;]<\/p>","protected":false},"author":2,"featured_media":0,"parent":0,"menu_order":0,"comment_status":"closed","ping_status":"closed","template":"","meta":{"footnotes":""},"class_list":["post-67","page","type-page","status-publish","hentry"],"aioseo_notices":[],"_links":{"self":[{"href":"https:\/\/and-capital.com\/pt\/wp-json\/wp\/v2\/pages\/67","targetHints":{"allow":["GET"]}}],"collection":[{"href":"https:\/\/and-capital.com\/pt\/wp-json\/wp\/v2\/pages"}],"about":[{"href":"https:\/\/and-capital.com\/pt\/wp-json\/wp\/v2\/types\/page"}],"author":[{"embeddable":true,"href":"https:\/\/and-capital.com\/pt\/wp-json\/wp\/v2\/users\/2"}],"replies":[{"embeddable":true,"href":"https:\/\/and-capital.com\/pt\/wp-json\/wp\/v2\/comments?post=67"}],"version-history":[{"count":0,"href":"https:\/\/and-capital.com\/pt\/wp-json\/wp\/v2\/pages\/67\/revisions"}],"wp:attachment":[{"href":"https:\/\/and-capital.com\/pt\/wp-json\/wp\/v2\/media?parent=67"}],"curies":[{"name":"wp","href":"https:\/\/api.w.org\/{rel}","templated":true}]}}